{"id":1896,"date":"2022-05-18T09:51:40","date_gmt":"2022-05-18T07:51:40","guid":{"rendered":"https:\/\/fpma-vincennes.fr\/?page_id=1896"},"modified":"2025-10-24T19:22:17","modified_gmt":"2025-10-24T17:22:17","slug":"accueil","status":"publish","type":"page","link":"https:\/\/fpma-vincennes.fr\/","title":{"rendered":"Bienvenue"},"content":{"rendered":"<p><!-- D\u00e9but du bloc CTA pour le 15\u00e8me Anniversaire --><\/p>\n<p><!-- 1. Image rendue cliquable --><br \/>\n<a class=\"cta-image-link\" href=\"https:\/\/fpma-vincennes.fr\/index.php\/celebration-15eme-anniversaire\/\"><br \/>\n    <img decoding=\"async\" src=\"https:\/\/fpma-vincennes.fr\/wp-content\/uploads\/2025\/09\/FPMA-Vincennes-15eme-anniversaire.webp\" alt=\"FPMA Vincennes 15\u00e8me anniversaire\" \/><br \/>\n<\/a><\/p>\n<p><!-- 2. Conteneur pour le bouton --><\/p>\n<div class=\"cta-button-container\">\n    <a class=\"cta-button-link\" href=\"https:\/\/fpma-vincennes.fr\/index.php\/celebration-15eme-anniversaire\/\">D\u00e9couvrir le Programme &#038; les D\u00e9tails de notre 15\u00e8me Anniversaire<\/a>\n<\/div>\n<p><!-- Fin du bloc CTA --><\/p>\n\n<p><div id=\"metaslider-id-164\" style=\"width: 100%; margin: 0 auto;\" class=\"ml-slider-3-102-0 metaslider metaslider-flex metaslider-164 ml-slider ms-theme-nivo-bar nav-hidden\" role=\"region\" aria-label=\"2\" data-height=\"700\" data-width=\"1000\">\n    <div id=\"metaslider_container_164\">\n        <div id=\"metaslider_164\">\n            <ul class='slides'>\n                <li style=\"display: block; width: 100%;\" class=\"slide-165 ms-image \" aria-roledescription=\"slide\" data-date=\"2020-04-28 19:41:39\" data-slide-type=\"image\"><a href=\" https:\/\/fpma-vincennes.fr\/index.php\/etude-biblique\/\" target=\"_self\" aria-label=\"Voir les d\u00e9tails de la diapositive\" class=\"metaslider_image_link\"><img loading=\"lazy\" decoding=\"async\" src=\"https:\/\/fpma-vincennes.fr\/wp-content\/uploads\/2020\/04\/1_3-661x463.jpg\" height=\"700\" width=\"1000\" alt=\"\" class=\"slider-164 slide-165 msDefaultImage\" title=\"Lecture du jour\" \/><\/a><div class=\"caption-wrap\"><div class=\"caption\">\u00c9tude biblique<\/div><\/div><\/li>\n            <\/ul>\n        <\/div>\n        \n    <\/div>\n<\/div> <div id=\"metaslider-id-138\" style=\"width: 100%; margin: 0 auto;\" class=\"ml-slider-3-102-0 metaslider metaslider-flex metaslider-138 ml-slider ms-theme-nivo-bar nav-hidden nav-hidden\" role=\"region\" aria-label=\"1\" data-height=\"700\" data-width=\"1000\">\n    <div id=\"metaslider_container_138\">\n        <div id=\"metaslider_138\">\n            <ul class='slides'>\n                <li style=\"display: block; width: 100%;\" class=\"slide-139 ms-image \" aria-roledescription=\"slide\" data-date=\"2020-04-28 17:06:55\" data-slide-type=\"image\"><a href=\"https:\/\/fpma-vincennes.fr\/\/index.php\/lire-la-bible\/\" target=\"_self\" aria-label=\"Voir les d\u00e9tails de la diapositive\" class=\"metaslider_image_link\"><img loading=\"lazy\" decoding=\"async\" src=\"https:\/\/fpma-vincennes.fr\/wp-content\/uploads\/2020\/05\/lire-bible-1000x700.jpg\" height=\"700\" width=\"1000\" alt=\"\" class=\"slider-138 slide-139 msDefaultImage\" title=\"lire-bible\" \/><\/a><div class=\"caption-wrap\"><div class=\"caption\">Lire et \u00e9couter la bible<\/div><\/div><\/li>\n            <\/ul>\n        <\/div>\n        \n    <\/div>\n<\/div> <div id=\"metaslider-id-162\" style=\"width: 100%; margin: 0 auto;\" class=\"ml-slider-3-102-0 metaslider metaslider-flex metaslider-162 ml-slider ms-theme-nivo-bar nav-hidden nav-hidden nav-hidden\" role=\"region\" aria-label=\"3\" data-height=\"700\" data-width=\"1000\">\n    <div id=\"metaslider_container_162\">\n        <div id=\"metaslider_162\">\n            <ul class='slides'>\n                <li style=\"display: block; width: 100%;\" class=\"slide-163 ms-image \" aria-roledescription=\"slide\" data-date=\"2020-04-28 19:37:15\" data-slide-type=\"image\"><a href=\"https:\/\/fpma-vincennes.fr\/index.php\/predications\/\" target=\"_self\" aria-label=\"Voir les d\u00e9tails de la diapositive\" class=\"metaslider_image_link\"><img loading=\"lazy\" decoding=\"async\" src=\"https:\/\/fpma-vincennes.fr\/wp-content\/uploads\/2020\/05\/preche-700x490.jpg\" height=\"700\" width=\"1000\" alt=\"\" class=\"slider-162 slide-163 msDefaultImage\" title=\"preche\" \/><\/a><div class=\"caption-wrap\"><div class=\"caption\">\u00c9couter des pr\u00e9dications<\/div><\/div><\/li>\n            <\/ul>\n        <\/div>\n        \n    <\/div>\n<\/div><\/p>\n","protected":false},"excerpt":{"rendered":"<p>D\u00e9couvrir le Programme &#038; les D\u00e9tails de notre 15\u00e8me Anniversaire<\/p>\n","protected":false},"author":1,"featured_media":0,"parent":0,"menu_order":0,"comment_status":"closed","ping_status":"closed","template":"","meta":{"inline_featured_image":false,"footnotes":""},"class_list":["post-1896","page","type-page","status-publish","hentry"],"_links":{"self":[{"href":"https:\/\/fpma-vincennes.fr\/index.php\/wp-json\/wp\/v2\/pages\/1896","targetHints":{"allow":["GET"]}}],"collection":[{"href":"https:\/\/fpma-vincennes.fr\/index.php\/wp-json\/wp\/v2\/pages"}],"about":[{"href":"https:\/\/fpma-vincennes.fr\/index.php\/wp-json\/wp\/v2\/types\/page"}],"author":[{"embeddable":true,"href":"https:\/\/fpma-vincennes.fr\/index.php\/wp-json\/wp\/v2\/users\/1"}],"replies":[{"embeddable":true,"href":"https:\/\/fpma-vincennes.fr\/index.php\/wp-json\/wp\/v2\/comments?post=1896"}],"version-history":[{"count":11,"href":"https:\/\/fpma-vincennes.fr\/index.php\/wp-json\/wp\/v2\/pages\/1896\/revisions"}],"predecessor-version":[{"id":3708,"href":"https:\/\/fpma-vincennes.fr\/index.php\/wp-json\/wp\/v2\/pages\/1896\/revisions\/3708"}],"wp:attachment":[{"href":"https:\/\/fpma-vincennes.fr\/index.php\/wp-json\/wp\/v2\/media?parent=1896"}],"curies":[{"name":"wp","href":"https:\/\/api.w.org\/{rel}","templated":true}]}}