{"id":206,"date":"2020-04-29T18:21:33","date_gmt":"2020-04-29T16:21:33","guid":{"rendered":"http:\/\/dev.rats8961.odns.fr\/?page_id=206"},"modified":"2020-12-01T19:39:57","modified_gmt":"2020-12-01T18:39:57","slug":"edito","status":"publish","type":"page","link":"https:\/\/fpma-vincennes.fr\/index.php\/edito\/","title":{"rendered":"Bient\u00f4t, c\u2019est No\u00ebl\u00a0!"},"content":{"rendered":"<p>Les rues, les maisons et les magasins sont d\u00e9j\u00e0 illumin\u00e9s, malgr\u00e9 la pand\u00e9mie Covid-19. Les listes de cadeaux s\u2019allongent. Actuellement, No\u00ebl rime avec f\u00eates et d\u00e9penses consid\u00e9rables. Rien qu\u2019en France, quelques milliards d\u2019euros sont consomm\u00e9s chaque ann\u00e9e pour les cadeaux de No\u00ebl. Ainsi, des gens se posent des questions sur la vraie signification de cette f\u00eate. Pour beaucoup, No\u00ebl est caract\u00e9ris\u00e9 par une f\u00eate familiale autour d\u2019un repas \u00ab <em>sp\u00e9cial<\/em> \u00bb et d\u2019un \u00e9change de cadeaux.<\/p>\n<p>Mais l\u2019\u00c9glise, que fait-elle pour pr\u00e9parer la f\u00eate de No\u00ebl et quel message veut-elle transmettre ?<\/p>\n<p>L&rsquo;\u00c9glise tourne ses yeux vers la Lumi\u00e8re du monde, J\u00e9sus-Christ, et contemple l\u2019amour de Dieu et sa fid\u00e9lit\u00e9. La c\u00e9l\u00e9bration chr\u00e9tienne de No\u00ebl commence d\u2019ailleurs par l\u2019Avent, qui d\u00e9bute le quatri\u00e8me dimanche avant No\u00ebl et qui signifie \u00ab <em>La venue de notre Seigneur<\/em> \u00bb.<\/p>\n<ul>\n<li>D\u2019abord, cette venue nous rappelle sa naissance \u00e0 Bethl\u00e9em <em><strong>(Lc 2, 1-14)<\/strong><\/em>. C\u2019est un moment de joie et d\u2019esp\u00e9rance. Le fait de le revivre chaque ann\u00e9e nous r\u00e9conforte et rassure notre foi en l\u2019amour de Dieu pour nous.<\/li>\n<li>Ensuite, sa venue dans la gloire \u00e0 la fin des temps, la Parousie. Ce sera un \u00e9v\u00e8nement de joie et de lib\u00e9ration totale. Il nous recevra dans son royaume et mettra tous ses ennemis \u00e0 ses pieds <em><strong>(Ep 1, 20-23)<\/strong><\/em>.<\/li>\n<li>Et enfin, sa venue quotidienne dans nos c\u0153urs. C\u2019est encore une preuve d\u2019amour du Christ. Il s\u2019approche de nous \u00e0 tout moment et veut demeurer en nous, apporter une vie nouvelle <em><strong>(Ap 3, 20)<\/strong><\/em>.<\/li>\n<\/ul>\n<p>Ce qui signifie que quelle que soit la crise dans laquelle vous vous trouvez, quelle que soit l\u2019\u00e9preuve que vous traversez, quel que soit le besoin qui se pr\u00e9sente \u00e0 vous en ce moment, l\u2019Avent nous rappelle que J\u00e9sus-Christ est notre paix \u2013 notre rocher et notre salut. Rien ne passe inaper\u00e7u \u00e0 ses yeux ! Nous sommes donc invit\u00e9s \u00e0 vivre sous un esprit de confiance, confiance en son amour qui surpasse toute intelligence (Ep 3, 19). Nous sommes \u00e9galement invit\u00e9s \u00e0 vivre sous un esprit d\u2019amour\u00a0: <em><strong>amour pour Dieu et pour les prochains.<\/strong><\/em><\/p>\n<p>En ce temps de No\u00ebl, nous c\u00e9l\u00e9brons la venue du Christ vers nous pour qu\u2019Il nous ram\u00e8ne vers notre P\u00e8re.<\/p>\n<p><em><strong>MARAN\u2019ATHA<\/strong><\/em>\u00a0!\u00a0(Seigneur viens\u00a0!)<\/p>\n<p style=\"text-align: right;\"><strong>Pasteur Zaranaina ANDRIALAMPISON<\/strong><\/p>\n<p align=\"justify\">Pour retrouver\u00a0 les anciens \u00e9ditos, cliquez <a href=\"https:\/\/fpma-vincennes.fr\/index.php\/2020\/11\/16\/les-anciens-editos\/\">ici<\/a>.<\/p>\n","protected":false},"excerpt":{"rendered":"<p>Les rues, les maisons et les magasins sont d\u00e9j\u00e0 illumin\u00e9s, malgr\u00e9 la pand\u00e9mie Covid-19. Les listes de cadeaux s\u2019allongent. Actuellement, No\u00ebl rime avec f\u00eates et d\u00e9penses consid\u00e9rables. Rien qu\u2019en France, quelques milliards d\u2019euros sont consomm\u00e9s chaque ann\u00e9e pour les cadeaux de No\u00ebl. Ainsi, des gens se posent des questions sur la vraie signification de cette f\u00eate. Pour beaucoup, No\u00ebl est caract\u00e9ris\u00e9 par une f\u00eate familiale autour d\u2019un repas \u00ab sp\u00e9cial \u00bb et d\u2019un \u00e9change de cadeaux. Mais l\u2019\u00c9glise, que fait-elle&#8230;<\/p>\n<p class=\"read-more\"><a class=\"btn btn-default\" href=\"https:\/\/fpma-vincennes.fr\/index.php\/edito\/\">Lire la suite<span class=\"screen-reader-text\"> Lire la suite<\/span><\/a><\/p>\n","protected":false},"author":1,"featured_media":0,"parent":0,"menu_order":0,"comment_status":"closed","ping_status":"closed","template":"","meta":{"inline_featured_image":false,"footnotes":""},"class_list":["post-206","page","type-page","status-publish","hentry"],"_links":{"self":[{"href":"https:\/\/fpma-vincennes.fr\/index.php\/wp-json\/wp\/v2\/pages\/206","targetHints":{"allow":["GET"]}}],"collection":[{"href":"https:\/\/fpma-vincennes.fr\/index.php\/wp-json\/wp\/v2\/pages"}],"about":[{"href":"https:\/\/fpma-vincennes.fr\/index.php\/wp-json\/wp\/v2\/types\/page"}],"author":[{"embeddable":true,"href":"https:\/\/fpma-vincennes.fr\/index.php\/wp-json\/wp\/v2\/users\/1"}],"replies":[{"embeddable":true,"href":"https:\/\/fpma-vincennes.fr\/index.php\/wp-json\/wp\/v2\/comments?post=206"}],"version-history":[{"count":24,"href":"https:\/\/fpma-vincennes.fr\/index.php\/wp-json\/wp\/v2\/pages\/206\/revisions"}],"predecessor-version":[{"id":737,"href":"https:\/\/fpma-vincennes.fr\/index.php\/wp-json\/wp\/v2\/pages\/206\/revisions\/737"}],"wp:attachment":[{"href":"https:\/\/fpma-vincennes.fr\/index.php\/wp-json\/wp\/v2\/media?parent=206"}],"curies":[{"name":"wp","href":"https:\/\/api.w.org\/{rel}","templated":true}]}}