{"id":62,"date":"2020-04-26T11:19:57","date_gmt":"2020-04-26T09:19:57","guid":{"rendered":"http:\/\/dev.rats8961.odns.fr\/?page_id=62"},"modified":"2020-07-01T17:29:24","modified_gmt":"2020-07-01T15:29:24","slug":"slk","status":"publish","type":"page","link":"https:\/\/fpma-vincennes.fr\/index.php\/slk\/","title":{"rendered":"Hommes"},"content":{"rendered":"<p>La<em> section des hommes chr\u00e9tiens<\/em> (\u00ab <strong>Sampana Lehilahy Kristiana<\/strong> \u2013 <strong>SLK<\/strong> \u00bb) a pour objet de servir de cadre de t\u00e9moignage et d\u2019expression de la foi pour les hommes de l\u2019\u00c9glise. (Art 49.9 du r\u00e8glement int\u00e9rieur de la FPMA Vincennes) .<\/p>\n<div class=\"bible-verse-container\"> <span>Gen\u00e8se 1.27<\/span><p class=\"verset\"><sup class=\"bible-verse-ref-versets\">27<\/sup> Dieu cr\u00e9a l'homme \u00e0\u00a0 son image, il le cr\u00e9a \u00e0\u00a0 l'image de Dieu, il cr\u00e9a l'homme et la femme.\n<\/p><\/div>\n<p>En regroupant tous les hommes de la paroisse, cette section a comme premi\u00e8re pr\u00e9occupation:\u00a0 <em><strong>\u00eatre des hommes \u00e0 l&rsquo;image de Dieu. <\/strong><\/em>\u00a0Ainsi plusieurs missions\u00a0 (listes non exhaustives) sont donn\u00e9es aux hommes \u00e0 travers cette pr\u00e9occupation :<\/p>\n<ul>\n<li><strong>\u00eatre plein de z\u00e8le<\/strong> comme <em>David <div class=\"bible-verse-container\"> <span>Psaumes 69.10<\/span><p class=\"verset\"><sup class=\"bible-verse-ref-versets\">10<\/sup> Car le z\u00e8le de ta maison me d\u00e9vore, Et les outrages de ceux qui t'insultent tombent sur moi.\r\n<\/p><\/div><\/em><\/li>\n<li><strong>\u00eatre des serviteurs et travailleurs\u00a0<\/strong>comme dans l&rsquo;ordre cr\u00e9ationnel <div class=\"bible-verse-container\"> <span>Gen\u00e8se 2.15<\/span><p class=\"verset\"><sup class=\"bible-verse-ref-versets\">15<\/sup> L'\u00c9ternel Dieu prit l'homme, et le pla\u00e0\u00a7a dans le jardin d'\u00c9den pour le cultiver et pour le garder.\n<\/p><\/div><\/li>\n<li><strong>\u00eatre des maris aimants<\/strong> <div class=\"bible-verse-container\"> <span>Eph\u00e9siens 5.25<\/span><p class=\"verset\"><sup class=\"bible-verse-ref-versets\">25<\/sup> Maris, aimez vos femmes, comme Christ a aim\u00e9 l'\u00c9glise, et s'est livr\u00e9 lui-m\u00eame pour elle,\n<\/p><\/div><\/li>\n<li><strong>\u00eatre dans l&rsquo;amour fraternel<\/strong> avec ses fr\u00e8res et s\u0153urs en Christ <div class=\"bible-verse-container\"> <span>Jean 13.15<\/span><p class=\"verset\"><sup class=\"bible-verse-ref-versets\">15<\/sup> car je vous ai donn\u00e9 un exemple, afin que vous fassiez comme je vous ai fait.\n<\/p><\/div><\/li>\n<li><strong>\u00eatre des c\u00e9libataires d\u00e9vou\u00e9s aux services<\/strong> comme Paul le recommande <div class=\"bible-verse-container\"> <span>1 Corinthiens 7.32<\/span><p class=\"verset\"><sup class=\"bible-verse-ref-versets\">32<\/sup> Or, je voudrais que vous fussiez sans inqui\u00e9tude. Celui qui n'est pas mari\u00e9 s'inqui\u00e8te des choses du Seigneur, des moyens de plaire au Seigneur;\n<\/p><\/div><\/li>\n<li><strong>\u00eatre fermes dans la foi<\/strong> <div class=\"bible-verse-container\"> <span>1 Corinthiens 16.13<\/span><p class=\"verset\"><sup class=\"bible-verse-ref-versets\">13<\/sup> Veillez, demeurez fermes dans la foi, soyez des hommes, fortifiez-vous.\n<\/p><\/div><\/li>\n<\/ul>\n<p>Pour mener \u00e0 bien ces missions, la section des hommes chr\u00e9tiens est un cadre pour les fr\u00e8res pour grandir ensemble, pour avancer, ainsi que pour se fortifier. La section organise ainsi des camps , des conf\u00e9rences, ainsi que des rencontres pour la communion fraternelle (sports, jeux, barbecues, etc).<\/p>\n<div id=\"metaslider-id-532\" style=\"width: 100%; margin: 0 auto;\" class=\"ml-slider-3-102-0 metaslider metaslider-flex metaslider-532 ml-slider ms-theme-nivo-bar nav-hidden\" role=\"region\" aria-label=\"Diaporama SLK\" data-height=\"900\" data-width=\"1000\">\n    <div id=\"metaslider_container_532\">\n        <div id=\"metaslider_532\">\n            <ul class='slides'>\n                <li style=\"display: block; width: 100%;\" class=\"slide-536 ms-image \" aria-roledescription=\"slide\" data-date=\"2020-07-01 17:24:47\" data-slide-type=\"image\"><img loading=\"lazy\" decoding=\"async\" src=\"https:\/\/fpma-vincennes.fr\/wp-content\/uploads\/2020\/07\/106248201_2839411169500576_2254255496071498819_n-1000x900.jpg\" height=\"900\" width=\"1000\" alt=\"\" class=\"slider-532 slide-536 msDefaultImage\" title=\"106248201_2839411169500576_2254255496071498819_n\" \/><div class=\"caption-wrap\"><div class=\"caption\">Lalaina Raoilison (Pr\u00e9sident) \nHaja Andriamasinaly (Secr\u00e9taire)<\/div><\/div><\/li>\n                <li style=\"display: none; width: 100%;\" class=\"slide-535 ms-image \" aria-roledescription=\"slide\" data-date=\"2020-07-01 17:24:37\" data-slide-type=\"image\"><img loading=\"lazy\" decoding=\"async\" src=\"https:\/\/fpma-vincennes.fr\/wp-content\/uploads\/2020\/07\/106139755_881570302337848_6669482511069645879_n-1000x900.jpg\" height=\"900\" width=\"1000\" alt=\"\" class=\"slider-532 slide-535 msDefaultImage\" title=\"106139755_881570302337848_6669482511069645879_n\" \/><div class=\"caption-wrap\"><div class=\"caption\">Jos\u00e9 Razafindrakoto (Tr\u00e9sorier)<\/div><\/div><\/li>\n            <\/ul>\n        <\/div>\n        \n    <\/div>\n<\/div>\n","protected":false},"excerpt":{"rendered":"<p>La section des hommes chr\u00e9tiens (\u00ab Sampana Lehilahy Kristiana \u2013 SLK \u00bb) a pour objet de servir de cadre de t\u00e9moignage et d\u2019expression de la foi pour les hommes de l\u2019\u00c9glise. (Art 49.9 du r\u00e8glement int\u00e9rieur de la FPMA Vincennes) . En regroupant tous les hommes de la paroisse, cette section a comme premi\u00e8re pr\u00e9occupation:\u00a0 \u00eatre des hommes \u00e0 l&rsquo;image de Dieu. \u00a0Ainsi plusieurs missions\u00a0 (listes non exhaustives) sont donn\u00e9es aux hommes \u00e0 travers cette pr\u00e9occupation : \u00eatre plein de&#8230;<\/p>\n<p class=\"read-more\"><a class=\"btn btn-default\" href=\"https:\/\/fpma-vincennes.fr\/index.php\/slk\/\">Lire la suite<span class=\"screen-reader-text\"> Lire la suite<\/span><\/a><\/p>\n","protected":false},"author":1,"featured_media":0,"parent":0,"menu_order":0,"comment_status":"closed","ping_status":"closed","template":"","meta":{"inline_featured_image":false,"footnotes":""},"class_list":["post-62","page","type-page","status-publish","hentry"],"_links":{"self":[{"href":"https:\/\/fpma-vincennes.fr\/index.php\/wp-json\/wp\/v2\/pages\/62","targetHints":{"allow":["GET"]}}],"collection":[{"href":"https:\/\/fpma-vincennes.fr\/index.php\/wp-json\/wp\/v2\/pages"}],"about":[{"href":"https:\/\/fpma-vincennes.fr\/index.php\/wp-json\/wp\/v2\/types\/page"}],"author":[{"embeddable":true,"href":"https:\/\/fpma-vincennes.fr\/index.php\/wp-json\/wp\/v2\/users\/1"}],"replies":[{"embeddable":true,"href":"https:\/\/fpma-vincennes.fr\/index.php\/wp-json\/wp\/v2\/comments?post=62"}],"version-history":[{"count":5,"href":"https:\/\/fpma-vincennes.fr\/index.php\/wp-json\/wp\/v2\/pages\/62\/revisions"}],"predecessor-version":[{"id":537,"href":"https:\/\/fpma-vincennes.fr\/index.php\/wp-json\/wp\/v2\/pages\/62\/revisions\/537"}],"wp:attachment":[{"href":"https:\/\/fpma-vincennes.fr\/index.php\/wp-json\/wp\/v2\/media?parent=62"}],"curies":[{"name":"wp","href":"https:\/\/api.w.org\/{rel}","templated":true}]}}