{"id":748,"date":"2020-12-13T10:55:27","date_gmt":"2020-12-13T09:55:27","guid":{"rendered":"https:\/\/fpma-vincennes.fr\/?page_id=748"},"modified":"2020-12-13T11:13:33","modified_gmt":"2020-12-13T10:13:33","slug":"faire-un-don","status":"publish","type":"page","link":"https:\/\/fpma-vincennes.fr\/index.php\/faire-un-don\/","title":{"rendered":"Faire un don"},"content":{"rendered":"<div class=\"bible-verse-container\"> <span>1 Corinthiens 8.8<\/span><p class=\"verset\"><sup class=\"bible-verse-ref-versets\">8<\/sup> Ce n'est pas un aliment qui nous rapproche de Dieu: si nous en mangeons, nous n'avons rien de plus; si nous n'en mangeons pas, nous n'avons rien de moins.\n<\/p><\/div>\n<div class=\"bible-verse-container\"> <span>1 Corinthiens 9.6-7<\/span><p class=\"verset\"><sup class=\"bible-verse-ref-versets\">6<\/sup> Ou bien, est-ce que moi seul et Barnabas nous n'avons pas le droit de ne point travailler?\n<\/p><p class=\"verset\"><sup class=\"bible-verse-ref-versets\">7<\/sup> Qui jamais fait le service militaire \u00e0\u00a0 ses propres frais? Qui est-ce qui plante une vigne, et n'en mange pas le fruit? Qui est-ce qui fait pa\u00eetre un troupeau, et ne se nourrit pas du lait du troupeau?\n<\/p><\/div>\n<p>D&rsquo;apr\u00e8s ces versets, que chacun donne avec joie. Donnez avec un c\u0153ur l\u00e9ger, plein de reconnaissance pour la gloire du Seigneur J\u00e9sus.<\/p>\n<p>&nbsp;<\/p>\n<div class=\"nf-don\">\n<form id=\"don-form\" action=\"https:\/\/eglise-fpma-vincennes.sumup.link\" target=\"_blank\"><input type=\"submit\" value=\"Faire un don\" \/><\/form>\n<\/div>\n","protected":false},"excerpt":{"rendered":"<p>D&rsquo;apr\u00e8s ces versets, que chacun donne avec joie. Donnez avec un c\u0153ur l\u00e9ger, plein de reconnaissance pour la gloire du Seigneur J\u00e9sus. &nbsp;<\/p>\n","protected":false},"author":1,"featured_media":0,"parent":0,"menu_order":0,"comment_status":"closed","ping_status":"closed","template":"","meta":{"inline_featured_image":false,"footnotes":""},"class_list":["post-748","page","type-page","status-publish","hentry"],"_links":{"self":[{"href":"https:\/\/fpma-vincennes.fr\/index.php\/wp-json\/wp\/v2\/pages\/748","targetHints":{"allow":["GET"]}}],"collection":[{"href":"https:\/\/fpma-vincennes.fr\/index.php\/wp-json\/wp\/v2\/pages"}],"about":[{"href":"https:\/\/fpma-vincennes.fr\/index.php\/wp-json\/wp\/v2\/types\/page"}],"author":[{"embeddable":true,"href":"https:\/\/fpma-vincennes.fr\/index.php\/wp-json\/wp\/v2\/users\/1"}],"replies":[{"embeddable":true,"href":"https:\/\/fpma-vincennes.fr\/index.php\/wp-json\/wp\/v2\/comments?post=748"}],"version-history":[{"count":6,"href":"https:\/\/fpma-vincennes.fr\/index.php\/wp-json\/wp\/v2\/pages\/748\/revisions"}],"predecessor-version":[{"id":756,"href":"https:\/\/fpma-vincennes.fr\/index.php\/wp-json\/wp\/v2\/pages\/748\/revisions\/756"}],"wp:attachment":[{"href":"https:\/\/fpma-vincennes.fr\/index.php\/wp-json\/wp\/v2\/media?parent=748"}],"curies":[{"name":"wp","href":"https:\/\/api.w.org\/{rel}","templated":true}]}}